{"id":17,"date":"2025-06-30T11:20:26","date_gmt":"2025-06-30T09:20:26","guid":{"rendered":"https:\/\/eugenie-opas.fr\/?page_id=17"},"modified":"2026-04-23T09:54:20","modified_gmt":"2026-04-23T07:54:20","slug":"accueil","status":"publish","type":"page","link":"https:\/\/eugenie-opas.fr\/","title":{"rendered":"Accueil"},"content":{"rendered":"<div class=\"brz brz-root__container brz-reset-all brz-root__container-page\" >\n<section id=\"saGbu_qMfly6_saGbu_qMfly6\" class=\"brz-section brz-css-d-section brz-css-1l6ve40\">\n<div class=\"brz-section__content brz-section--boxed brz-css-d-sectionitem-bg brz-css-k0jlr0\" data-brz-custom-id=\"qPloeZyFP6tC\">\n<div class=\"brz-container brz-css-d-sectionitem-container brz-css-1y6wn9l\">\n<div class=\"brz-row__container brz-css-d-row-row brz-css-1hormg\" data-brz-custom-id=\"d2W3KNWNpdGA\">\n<div class=\"brz-row brz-css-d-row-container brz-css-kfzyc6\">\n<div class=\"brz-columns brz-css-d-column-column brz-css-1n25ibr\" data-brz-custom-id=\"fkxu7DjPGL_p\">\n<div class=\"brz-column__items brz-css-d-column-bg brz-css-1n8992z\">\n<div id=\"\" class=\"brz-css-d-wrapper brz-css-1qigqte brz-wrapper\">\n<div class=\"brz-rich-text brz-rich-text__custom brz-css-d-richtext brz-css-holhn1\" data-brz-custom-id=\"lwro0gbOSYfS\">\n<div data-brz-translate-text=\"1\">\n<h1 class=\"brz-tp-lg-heading1 brz-css-xefFy\" data-uniq-id=\"j1AVe\" data-generated-css=\"brz-css-htIvo\"><span class=\"brz-cp-color7\">Informations l\u00e9gales<\/span><\/h1>\n<\/div>\n<\/div>\n<\/div>\n<div id=\"\" class=\"brz-css-d-wrapper brz-css-1t443xg brz-wrapper\">\n<div class=\"brz-rich-text brz-rich-text__custom brz-css-d-richtext brz-css-1n1qjat\" data-brz-custom-id=\"hm_U2FjtouYg\">\n<div data-brz-translate-text=\"1\">\n<p class=\"brz-tp-lg-paragraph brz-css-nWLvr\" data-generated-css=\"brz-css-noUb4\" data-uniq-id=\"dXnxl\"><strong class=\"brz-cp-color7\">Identit\u00e9 de l&rsquo;entreprise :<\/strong><span class=\"brz-cp-color7\"> EUGENIE SAS<\/span><\/p>\n<p class=\"brz-tp-lg-paragraph brz-css-bqdgx\" data-generated-css=\"brz-css-iMBR1\" data-uniq-id=\"o3m2u\"><strong class=\"brz-cp-color7\">Adresse&nbsp;:<\/strong><span class=\"brz-cp-color7\"> 8, Rue du Luxembourg 68310 WITTELSHEIM.<\/span><\/p>\n<p class=\"brz-tp-lg-paragraph brz-css-lMzn8\" data-generated-css=\"brz-css-k7JCx\" data-uniq-id=\"fFJ9z\"><span class=\"brz-cp-color7\">RCS MULHOUSE 102&nbsp;099 819<\/span><\/p>\n<p class=\"brz-tp-lg-paragraph brz-css-nnEzU\" data-generated-css=\"brz-css-yQve0\" data-uniq-id=\"dDNKD\"><strong class=\"brz-cp-color7\">N\u00b0 d&rsquo;identification \u00e0 la TVA&nbsp;: <\/strong><span class=\"brz-cp-color7\">FR47102099819<\/span><\/p>\n<\/div>\n<\/div>\n<\/div>\n<\/div>\n<\/div>\n<\/div>\n<\/div>\n<div id=\"\" class=\"brz-css-d-wrapper brz-css-r-wrapper brz-css-ejkzmn brz-wrapper\">\n<div class=\"brz-spacer brz-css-d-spacer brz-css-19xacts\"><\/div>\n<\/div>\n<div class=\"brz-row__container brz-css-d-row-row brz-css-g65pes\" data-brz-custom-id=\"bpTBndMAiE_m\">\n<div class=\"brz-row brz-css-d-row-container brz-css-afx3j7\">\n<div class=\"brz-columns brz-css-d-column-column brz-css-11jowbv\" data-brz-custom-id=\"dIXAn1XImSV_\">\n<div class=\"brz-column__items brz-css-d-column-bg brz-css-1bkn23o\">\n<div id=\"\" class=\"brz-css-d-wrapper brz-css-78t3y8 brz-wrapper\">\n<div class=\"brz-rich-text brz-rich-text__custom brz-css-d-richtext brz-css-1lvund4\" data-brz-custom-id=\"dmghxoMRqY6q\">\n<div data-brz-translate-text=\"1\">\n<h2 class=\"brz-tp-lg-heading2 brz-css-tuqW9\" data-uniq-id=\"dNecd\" data-generated-css=\"brz-css-jmsX4\"><span class=\"brz-cp-color7\">Documents<\/span><\/h2>\n<\/div>\n<\/div>\n<\/div>\n<div id=\"\" class=\"brz-css-d-wrapper brz-css-noq38z brz-wrapper\">\n<div class=\"brz-rich-text brz-rich-text__custom brz-css-d-richtext brz-css-d1uts2\" data-brz-custom-id=\"k264DppHJifv\">\n<div data-brz-translate-text=\"1\">\n<p class=\"brz-tp-lg-paragraph brz-css-xVfE6\" data-generated-css=\"brz-css-visjD\" data-uniq-id=\"jet2E\"><span class=\"brz-cp-color7\">Consulter et t\u00e9l\u00e9charger les documents<\/span><\/p>\n<\/div>\n<\/div>\n<\/div>\n<div id=\"\" class=\"brz-css-d-wrapper brz-css-154ksn9 brz-wrapper\">\n<div class=\"brz-wp-shortcode brz-css-d-wpcustomshortcode brz-css-1dm10u8\" data-brz-custom-id=\"tja2cvryJv2y\">\n<div>        <div class=\"documents-grid\">\n            \t\t\t<a href=\"\" class=\"document-item\" >\n\t\t\t\t<div class=\"document-thumbnail-wrap\">\n\t\t\t\t\t<div class=\"document-thumbnail\" style=\"background-image: url(https:\/\/eugenie-opas.fr\/wp-content\/uploads\/2026\/04\/image-document.jpg);\"><\/div>\n\t\t\t\t<\/div>\n\t\t\t\t<div class=\"document-content\">\n\t\t\t\t\t<h2 class=\"document-title\">Document d&rsquo;exemple 2<\/h2>\n\t\t\t\t\t<div class=\"document-excerpt\"><p>Extrait rapide qui pr\u00e9sente le document, le sujet, les tenants et aboutissants<\/p>\n<\/div>\n\t\t\t\t<\/div>\n\t\t\t<\/a>\n            \t\t\t<a href=\"\" class=\"document-item\" >\n\t\t\t\t<div class=\"document-thumbnail-wrap\">\n\t\t\t\t\t<div class=\"document-thumbnail\" style=\"background-color: #666666;\"><\/div>\n\t\t\t\t<\/div>\n\t\t\t\t<div class=\"document-content\">\n\t\t\t\t\t<h2 class=\"document-title\">Document d&rsquo;exemple<\/h2>\n\t\t\t\t\t<div class=\"document-excerpt\"><p>Extrait rapide qui pr\u00e9sente le document<\/p>\n<\/div>\n\t\t\t\t<\/div>\n\t\t\t<\/a>\n                    <\/div>\n        <\/div>\n<\/div>\n<\/div>\n<\/div>\n<\/div>\n<\/div>\n<\/div>\n<\/div>\n<\/div>\n<\/section><\/div>\n<p><!-- version:1776930860 --><\/p>\n","protected":false},"excerpt":{"rendered":"<p>Informations l\u00e9gales Identit\u00e9 de l&rsquo;entreprise : EUGENIE SAS Adresse&nbsp;: 8, Rue du Luxembourg 68310 WITTELSHEIM. RCS MULHOUSE 102&nbsp;099 819 N\u00b0 d&rsquo;identification \u00e0 la TVA&nbsp;: FR47102099819 Documents Consulter et t\u00e9l\u00e9charger les documents<\/p>\n","protected":false},"author":1,"featured_media":0,"parent":0,"menu_order":0,"comment_status":"closed","ping_status":"closed","template":"brizy-blank-template.php","meta":{"_acf_changed":false,"footnotes":""},"class_list":["post-17","page","type-page","status-publish","hentry"],"blocksy_meta":[],"acf":[],"brizy_media":[],"_links":{"self":[{"href":"https:\/\/eugenie-opas.fr\/index.php?rest_route=\/wp\/v2\/pages\/17","targetHints":{"allow":["GET"]}}],"collection":[{"href":"https:\/\/eugenie-opas.fr\/index.php?rest_route=\/wp\/v2\/pages"}],"about":[{"href":"https:\/\/eugenie-opas.fr\/index.php?rest_route=\/wp\/v2\/types\/page"}],"author":[{"embeddable":true,"href":"https:\/\/eugenie-opas.fr\/index.php?rest_route=\/wp\/v2\/users\/1"}],"replies":[{"embeddable":true,"href":"https:\/\/eugenie-opas.fr\/index.php?rest_route=%2Fwp%2Fv2%2Fcomments&post=17"}],"version-history":[{"count":12,"href":"https:\/\/eugenie-opas.fr\/index.php?rest_route=\/wp\/v2\/pages\/17\/revisions"}],"predecessor-version":[{"id":83,"href":"https:\/\/eugenie-opas.fr\/index.php?rest_route=\/wp\/v2\/pages\/17\/revisions\/83"}],"wp:attachment":[{"href":"https:\/\/eugenie-opas.fr\/index.php?rest_route=%2Fwp%2Fv2%2Fmedia&parent=17"}],"curies":[{"name":"wp","href":"https:\/\/api.w.org\/{rel}","templated":true}]}}